{"id":850,"date":"2026-03-17T10:50:53","date_gmt":"2026-03-17T16:50:53","guid":{"rendered":"http:\/\/006113b523.nxcli.io\/?page_id=850"},"modified":"2026-03-17T12:05:24","modified_gmt":"2026-03-17T18:05:24","slug":"about-emily-gomez","status":"publish","type":"page","link":"http:\/\/wyomingiap.org\/es\/about-emily-gomez\/","title":{"rendered":"Sobre Emily G\u00f3mez"},"content":{"rendered":"<div data-elementor-type=\"wp-page\" data-elementor-id=\"850\" class=\"elementor elementor-850\" data-elementor-post-type=\"page\">\n\t\t\t\t<div data-particle_enable=\"false\" data-particle-mobile-disabled=\"false\" class=\"elementor-element elementor-element-861817d e-flex e-con-boxed e-con e-parent\" data-id=\"861817d\" data-element_type=\"container\" data-e-type=\"container\">\n\t\t\t\t\t<div class=\"e-con-inner\">\n\t\t<div data-particle_enable=\"false\" data-particle-mobile-disabled=\"false\" class=\"elementor-element elementor-element-da9b1ff e-con-full e-flex e-con e-child\" data-id=\"da9b1ff\" data-element_type=\"container\" data-e-type=\"container\">\n\t\t\t\t<div class=\"elementor-element elementor-element-9b74098 elementor-widget elementor-widget-image\" data-id=\"9b74098\" data-element_type=\"widget\" data-e-type=\"widget\" data-widget_type=\"image.default\">\n\t\t\t\t<div class=\"elementor-widget-container\">\n\t\t\t\t\t\t\t\t\t\t\t\t\t\t\t<img fetchpriority=\"high\" decoding=\"async\" width=\"738\" height=\"1024\" src=\"https:\/\/wyomingiap.org\/wp-content\/uploads\/2026\/03\/emily-gomez-738x1024.jpg\" class=\"attachment-large size-large wp-image-852\" alt=\"\" srcset=\"https:\/\/wyomingiap.org\/wp-content\/uploads\/2026\/03\/emily-gomez-738x1024.jpg 738w, https:\/\/wyomingiap.org\/wp-content\/uploads\/2026\/03\/emily-gomez-216x300.jpg 216w, https:\/\/wyomingiap.org\/wp-content\/uploads\/2026\/03\/emily-gomez-768x1065.jpg 768w, https:\/\/wyomingiap.org\/wp-content\/uploads\/2026\/03\/emily-gomez-1107x1536.jpg 1107w, https:\/\/wyomingiap.org\/wp-content\/uploads\/2026\/03\/emily-gomez-1476x2048.jpg 1476w, https:\/\/wyomingiap.org\/wp-content\/uploads\/2026\/03\/emily-gomez-9x12.jpg 9w, https:\/\/wyomingiap.org\/wp-content\/uploads\/2026\/03\/emily-gomez-1200x1665.jpg 1200w, https:\/\/wyomingiap.org\/wp-content\/uploads\/2026\/03\/emily-gomez-1400x1942.jpg 1400w, https:\/\/wyomingiap.org\/wp-content\/uploads\/2026\/03\/emily-gomez-300x416.jpg 300w, https:\/\/wyomingiap.org\/wp-content\/uploads\/2026\/03\/emily-gomez.jpg 1500w\" sizes=\"(max-width: 738px) 100vw, 738px\" \/>\t\t\t\t\t\t\t\t\t\t\t\t\t\t\t<\/div>\n\t\t\t\t<\/div>\n\t\t\t\t<\/div>\n\t\t<div data-particle_enable=\"false\" data-particle-mobile-disabled=\"false\" class=\"elementor-element elementor-element-54160a2 e-con-full e-flex e-con e-child\" data-id=\"54160a2\" data-element_type=\"container\" data-e-type=\"container\">\n\t\t\t\t<div class=\"elementor-element elementor-element-c48d361 elementor-widget elementor-widget-heading\" data-id=\"c48d361\" data-element_type=\"widget\" data-e-type=\"widget\" data-widget_type=\"heading.default\">\n\t\t\t\t<div class=\"elementor-widget-container\">\n\t\t\t\t\t<h2 class=\"elementor-heading-title elementor-size-default\">Emily G\u00f3mez<\/h2>\t\t\t\t<\/div>\n\t\t\t\t<\/div>\n\t\t\t\t<div class=\"elementor-element elementor-element-88fd2c3 elementor-widget elementor-widget-heading\" data-id=\"88fd2c3\" data-element_type=\"widget\" data-e-type=\"widget\" data-widget_type=\"heading.default\">\n\t\t\t\t<div class=\"elementor-widget-container\">\n\t\t\t\t\t<h2 class=\"elementor-heading-title elementor-size-default\">Director Ejecutivo<\/h2>\t\t\t\t<\/div>\n\t\t\t\t<\/div>\n\t\t\t\t<div class=\"elementor-element elementor-element-000d9b1 elementor-widget elementor-widget-text-editor\" data-id=\"000d9b1\" data-element_type=\"widget\" data-e-type=\"widget\" data-widget_type=\"text-editor.default\">\n\t\t\t\t<div class=\"elementor-widget-container\">\n\t\t\t\t\t\t\t\t\t<p>Emily G\u00f3mez se incorpor\u00f3 a WIAP en 2026, aportando una d\u00e9cada de experiencia en la atenci\u00f3n a inmigrantes y personas con un dominio limitado del ingl\u00e9s en el condado de Teton a trav\u00e9s del sector sin fines de lucro, trabajando para ampliar el acceso a la atenci\u00f3n m\u00e9dica, los servicios, la informaci\u00f3n y las oportunidades.<\/p><p>Criada en el centro de M\u00e9xico en el seno de una familia bicultural, Emily se dio cuenta desde muy temprano de las ventajas que ofrece el dominio de dos idiomas. Se licenci\u00f3 en Periodismo en la Escuela de Periodismo Carlos Septi\u00e9n Garc\u00eda de la Ciudad de M\u00e9xico y trabaj\u00f3 como redactora y reportera en el medio de comunicaci\u00f3n digital <em>Animal Politico<\/em> antes de mudarse a Jackson en 2014.<\/p><p>En Jackson, comprendi\u00f3 r\u00e1pidamente el papel fundamental que desempe\u00f1an las comunidades de inmigrantes en las industrias de la regi\u00f3n y decidi\u00f3 poner sus habilidades ling\u00fc\u00edsticas y comunicativas al servicio de los hispanohablantes de la zona de Teton. Se incorpor\u00f3 al One22 Resource Center como int\u00e9rprete y traductora, y m\u00e1s tarde como coordinadora de acceso ling\u00fc\u00edstico, encarg\u00e1ndose de gestionar los contratos de interpretaci\u00f3n y traducci\u00f3n de la organizaci\u00f3n con entidades locales de salud, educaci\u00f3n y servicios sociales.<\/p><p>Durante la d\u00e9cada siguiente, sigui\u00f3 reduciendo las barreras ling\u00fc\u00edsticas y culturales para los inmigrantes y sus proveedores de servicios, ofreciendo orientaci\u00f3n ling\u00fc\u00edstica, coordinando oportunidades de desarrollo profesional en traducci\u00f3n e interpretaci\u00f3n para personas biling\u00fces y estableciendo planes de acceso ling\u00fc\u00edstico. Tambi\u00e9n supervis\u00f3 los sistemas, los procesos y los flujos de trabajo de los programas de One22 dirigidos a los clientes, garantizando la accesibilidad independientemente del idioma hablado, la capacidad o el origen.<\/p><p>Emily aporta a WIAP una s\u00f3lida experiencia operativa para maximizar la eficiencia de un equipo peque\u00f1o pero muy eficaz. Se centra en reforzar la confianza y la visibilidad de la comunidad, fomentar y mantener las alianzas con donantes y la comunidad, apoyar las iniciativas de participaci\u00f3n comunitaria y garantizar la sostenibilidad a largo plazo de la organizaci\u00f3n.<\/p><p>En su tiempo libre, a Emily le gusta practicar escalada en roc\u00f3dromos o al aire libre, armar rompecabezas de 1000 piezas y pasar tiempo con su familia.<\/p>\t\t\t\t\t\t\t\t<\/div>\n\t\t\t\t<\/div>\n\t\t\t\t<\/div>\n\t\t\t\t\t<\/div>\n\t\t\t\t<\/div>\n\t\t\t\t<\/div>","protected":false},"excerpt":{"rendered":"<p>Emily Gomez Executive Director Emily Gomez joined WIAP in 2026 bringing with her a decade of experience serving immigrants and individuals with limited English proficiency in Teton County through the &hellip;<\/p>","protected":false},"author":32,"featured_media":0,"parent":0,"menu_order":16,"comment_status":"closed","ping_status":"closed","template":"elementor_header_footer","meta":{"give_campaign_id":0,"_genesis_block_theme_hide_title":false,"footnotes":""},"class_list":["post-850","page","type-page","status-publish","hentry","post","without-featured-image"],"campaignId":"","_links":{"self":[{"href":"http:\/\/wyomingiap.org\/es\/wp-json\/wp\/v2\/pages\/850","targetHints":{"allow":["GET"]}}],"collection":[{"href":"http:\/\/wyomingiap.org\/es\/wp-json\/wp\/v2\/pages"}],"about":[{"href":"http:\/\/wyomingiap.org\/es\/wp-json\/wp\/v2\/types\/page"}],"author":[{"embeddable":true,"href":"http:\/\/wyomingiap.org\/es\/wp-json\/wp\/v2\/users\/32"}],"replies":[{"embeddable":true,"href":"http:\/\/wyomingiap.org\/es\/wp-json\/wp\/v2\/comments?post=850"}],"version-history":[{"count":0,"href":"http:\/\/wyomingiap.org\/es\/wp-json\/wp\/v2\/pages\/850\/revisions"}],"wp:attachment":[{"href":"http:\/\/wyomingiap.org\/es\/wp-json\/wp\/v2\/media?parent=850"}],"curies":[{"name":"wp","href":"https:\/\/api.w.org\/{rel}","templated":true}]}}