{"id":854,"date":"2026-03-18T10:15:00","date_gmt":"2026-03-18T16:15:00","guid":{"rendered":"http:\/\/006113b523.nxcli.io\/?page_id=854"},"modified":"2026-03-18T10:24:48","modified_gmt":"2026-03-18T16:24:48","slug":"about-vanessa-chavarriaga","status":"publish","type":"page","link":"http:\/\/wyomingiap.org\/es\/about-vanessa-chavarriaga\/","title":{"rendered":"Sobre Vanessa Chavarriaga"},"content":{"rendered":"<div data-elementor-type=\"wp-page\" data-elementor-id=\"854\" class=\"elementor elementor-854\" data-elementor-post-type=\"page\">\n\t\t\t\t<div data-particle_enable=\"false\" data-particle-mobile-disabled=\"false\" class=\"elementor-element elementor-element-861817d e-flex e-con-boxed e-con e-parent\" data-id=\"861817d\" data-element_type=\"container\" data-e-type=\"container\">\n\t\t\t\t\t<div class=\"e-con-inner\">\n\t\t<div data-particle_enable=\"false\" data-particle-mobile-disabled=\"false\" class=\"elementor-element elementor-element-da9b1ff e-con-full e-flex e-con e-child\" data-id=\"da9b1ff\" data-element_type=\"container\" data-e-type=\"container\">\n\t\t\t\t<div class=\"elementor-element elementor-element-9b74098 elementor-widget elementor-widget-image\" data-id=\"9b74098\" data-element_type=\"widget\" data-e-type=\"widget\" data-widget_type=\"image.default\">\n\t\t\t\t<div class=\"elementor-widget-container\">\n\t\t\t\t\t\t\t\t\t\t\t\t\t\t\t<img fetchpriority=\"high\" decoding=\"async\" width=\"743\" height=\"1024\" src=\"https:\/\/wyomingiap.org\/wp-content\/uploads\/2026\/03\/Vanessa-Headshot-Vertical-743x1024.jpg\" class=\"attachment-large size-large wp-image-857\" alt=\"\" srcset=\"https:\/\/wyomingiap.org\/wp-content\/uploads\/2026\/03\/Vanessa-Headshot-Vertical-743x1024.jpg 743w, https:\/\/wyomingiap.org\/wp-content\/uploads\/2026\/03\/Vanessa-Headshot-Vertical-218x300.jpg 218w, https:\/\/wyomingiap.org\/wp-content\/uploads\/2026\/03\/Vanessa-Headshot-Vertical-768x1058.jpg 768w, https:\/\/wyomingiap.org\/wp-content\/uploads\/2026\/03\/Vanessa-Headshot-Vertical-9x12.jpg 9w, https:\/\/wyomingiap.org\/wp-content\/uploads\/2026\/03\/Vanessa-Headshot-Vertical-300x413.jpg 300w, https:\/\/wyomingiap.org\/wp-content\/uploads\/2026\/03\/Vanessa-Headshot-Vertical.jpg 950w\" sizes=\"(max-width: 743px) 100vw, 743px\" \/>\t\t\t\t\t\t\t\t\t\t\t\t\t\t\t<\/div>\n\t\t\t\t<\/div>\n\t\t\t\t<\/div>\n\t\t<div data-particle_enable=\"false\" data-particle-mobile-disabled=\"false\" class=\"elementor-element elementor-element-54160a2 e-con-full e-flex e-con e-child\" data-id=\"54160a2\" data-element_type=\"container\" data-e-type=\"container\">\n\t\t\t\t<div class=\"elementor-element elementor-element-c48d361 elementor-widget elementor-widget-heading\" data-id=\"c48d361\" data-element_type=\"widget\" data-e-type=\"widget\" data-widget_type=\"heading.default\">\n\t\t\t\t<div class=\"elementor-widget-container\">\n\t\t\t\t\t<h2 class=\"elementor-heading-title elementor-size-default\">Vanessa Chavarriaga <\/h2>\t\t\t\t<\/div>\n\t\t\t\t<\/div>\n\t\t\t\t<div class=\"elementor-element elementor-element-88fd2c3 elementor-widget elementor-widget-heading\" data-id=\"88fd2c3\" data-element_type=\"widget\" data-e-type=\"widget\" data-widget_type=\"heading.default\">\n\t\t\t\t<div class=\"elementor-widget-container\">\n\t\t\t\t\t<h2 class=\"elementor-heading-title elementor-size-default\">Coordinador de respuesta comunitaria <\/h2>\t\t\t\t<\/div>\n\t\t\t\t<\/div>\n\t\t\t\t<div class=\"elementor-element elementor-element-000d9b1 elementor-widget elementor-widget-text-editor\" data-id=\"000d9b1\" data-element_type=\"widget\" data-e-type=\"widget\" data-widget_type=\"text-editor.default\">\n\t\t\t\t<div class=\"elementor-widget-container\">\n\t\t\t\t\t\t\t\t\t<p>Vanessa, que emigr\u00f3 de Colombia a una edad temprana, aprendi\u00f3 r\u00e1pidamente los entresijos del sistema de inmigraci\u00f3n estadounidense. Su infancia y sus v\u00ednculos culturales se repartieron entre Colombia, Estados Unidos y M\u00e9xico. Estudi\u00f3 Sociolog\u00eda en la Universidad de Monterrey y complet\u00f3 una doble titulaci\u00f3n en Sociolog\u00eda y Medio Ambiente y Recursos Naturales en la Universidad de Wyoming. Se mud\u00f3 a Jackson en 2021.<\/p><p>Durante su estancia en Jackson, Vanessa ha trabajado para varias organizaciones sin fines de lucro, entre ellas Astoria Park Conservancy y Coombs Outdoors. Su labor se ha centrado en la comunicaci\u00f3n y en ampliar el acceso a los servicios para la comunidad latina. Su inter\u00e9s por la educaci\u00f3n al aire libre y la defensa de causas sociales le ha ayudado a crear varios programas en espa\u00f1ol en Jackson, como la Noche de concienciaci\u00f3n sobre avalanchas en espa\u00f1ol, los talleres de escalada en espa\u00f1ol y los talleres de esqu\u00ed de fondo en espa\u00f1ol. Vanessa tambi\u00e9n trabaja para desmontar los estereotipos sobre los inmigrantes a trav\u00e9s de su labor en el cine y la escritura.<\/p><p>Vanessa aporta a WIAP sus habilidades en comunicaci\u00f3n y creaci\u00f3n de comunidades para sentar unas bases s\u00f3lidas de apoyo a los inmigrantes. Su iniciativa de crear la Red de Respuesta R\u00e1pida del \u00c1rea de Teton tiene como objetivo establecer un sistema de apoyo duradero que fortalezca los v\u00ednculos comunitarios para los inmigrantes y m\u00e1s all\u00e1.<\/p><p>Fuera de WIAP, a Vanessa le apasiona dedicarse a los deportes de monta\u00f1a como esquiadora de traves\u00eda y corredora de trail. A menudo se la puede encontrar subiendo por una pista de esqu\u00ed de traves\u00eda o buscando setas en el bosque.<\/p>\t\t\t\t\t\t\t\t<\/div>\n\t\t\t\t<\/div>\n\t\t\t\t<\/div>\n\t\t\t\t\t<\/div>\n\t\t\t\t<\/div>\n\t\t\t\t<\/div>","protected":false},"excerpt":{"rendered":"<p>Vanessa Chavarriaga Community Response Coordinator Immigrating from Colombia at a young age, Vanessa quickly learned the ins and outs of the US immigration system. Her upbringing and cultural ties were &hellip;<\/p>","protected":false},"author":32,"featured_media":0,"parent":0,"menu_order":16,"comment_status":"closed","ping_status":"closed","template":"elementor_header_footer","meta":{"give_campaign_id":0,"_genesis_block_theme_hide_title":false,"footnotes":""},"class_list":["post-854","page","type-page","status-publish","hentry","post","without-featured-image"],"campaignId":"","_links":{"self":[{"href":"http:\/\/wyomingiap.org\/es\/wp-json\/wp\/v2\/pages\/854","targetHints":{"allow":["GET"]}}],"collection":[{"href":"http:\/\/wyomingiap.org\/es\/wp-json\/wp\/v2\/pages"}],"about":[{"href":"http:\/\/wyomingiap.org\/es\/wp-json\/wp\/v2\/types\/page"}],"author":[{"embeddable":true,"href":"http:\/\/wyomingiap.org\/es\/wp-json\/wp\/v2\/users\/32"}],"replies":[{"embeddable":true,"href":"http:\/\/wyomingiap.org\/es\/wp-json\/wp\/v2\/comments?post=854"}],"version-history":[{"count":0,"href":"http:\/\/wyomingiap.org\/es\/wp-json\/wp\/v2\/pages\/854\/revisions"}],"wp:attachment":[{"href":"http:\/\/wyomingiap.org\/es\/wp-json\/wp\/v2\/media?parent=854"}],"curies":[{"name":"wp","href":"https:\/\/api.w.org\/{rel}","templated":true}]}}