{"id":117,"date":"2024-03-21T22:10:37","date_gmt":"2024-03-21T22:10:37","guid":{"rendered":"https:\/\/wiapprod.wpenginepowered.com\/?page_id=117"},"modified":"2025-01-27T22:44:00","modified_gmt":"2025-01-27T22:44:00","slug":"our-team-2-2","status":"publish","type":"page","link":"https:\/\/wyomingiap.org\/es\/our-team-2-2\/","title":{"rendered":"Nuestro Equipo"},"content":{"rendered":"<div data-elementor-type=\"wp-page\" data-elementor-id=\"117\" class=\"elementor elementor-117\" data-elementor-post-type=\"page\">\n\t\t\t\t<div data-particle_enable=\"false\" data-particle-mobile-disabled=\"false\" class=\"elementor-element elementor-element-1208c52 e-flex e-con-boxed e-con e-parent\" data-id=\"1208c52\" data-element_type=\"container\" data-e-type=\"container\">\n\t\t\t\t\t<div class=\"e-con-inner\">\n\t\t<div data-particle_enable=\"false\" data-particle-mobile-disabled=\"false\" class=\"elementor-element elementor-element-14a1aa3 e-flex e-con-boxed e-con e-child\" data-id=\"14a1aa3\" data-element_type=\"container\" data-e-type=\"container\" data-settings=\"{&quot;background_background&quot;:&quot;classic&quot;}\">\n\t\t\t\t\t<div class=\"e-con-inner\">\n\t\t\t\t<div class=\"elementor-element elementor-element-6073044 elementor-widget elementor-widget-heading\" data-id=\"6073044\" data-element_type=\"widget\" data-e-type=\"widget\" data-widget_type=\"heading.default\">\n\t\t\t\t<div class=\"elementor-widget-container\">\n\t\t\t\t\t<h2 class=\"elementor-heading-title elementor-size-default\">Nuestro Equipo<\/h2>\t\t\t\t<\/div>\n\t\t\t\t<\/div>\n\t\t<div data-particle_enable=\"false\" data-particle-mobile-disabled=\"false\" class=\"elementor-element elementor-element-7a6e369 e-con-full e-flex e-con e-child\" data-id=\"7a6e369\" data-element_type=\"container\" data-e-type=\"container\">\n\t\t\t\t<div class=\"elementor-element elementor-element-42e9acb elementor-widget__width-initial elementor-widget-mobile__width-inherit elementor-position-top elementor-widget elementor-widget-image-box\" data-id=\"42e9acb\" data-element_type=\"widget\" data-e-type=\"widget\" data-widget_type=\"image-box.default\">\n\t\t\t\t<div class=\"elementor-widget-container\">\n\t\t\t\t\t<div class=\"elementor-image-box-wrapper\"><figure class=\"elementor-image-box-img\"><img fetchpriority=\"high\" decoding=\"async\" width=\"1028\" height=\"1440\" src=\"https:\/\/wyomingiap.org\/wp-content\/uploads\/2024\/03\/WIAP-Board_Member-Rosie_Read-Portrait.webp\" class=\"elementor-animation-grow attachment-full size-full wp-image-142\" alt=\"\" srcset=\"https:\/\/wyomingiap.org\/wp-content\/uploads\/2024\/03\/WIAP-Board_Member-Rosie_Read-Portrait.webp 1028w, https:\/\/wyomingiap.org\/wp-content\/uploads\/2024\/03\/WIAP-Board_Member-Rosie_Read-Portrait-214x300.webp 214w, https:\/\/wyomingiap.org\/wp-content\/uploads\/2024\/03\/WIAP-Board_Member-Rosie_Read-Portrait-731x1024.webp 731w, https:\/\/wyomingiap.org\/wp-content\/uploads\/2024\/03\/WIAP-Board_Member-Rosie_Read-Portrait-768x1076.webp 768w, https:\/\/wyomingiap.org\/wp-content\/uploads\/2024\/03\/WIAP-Board_Member-Rosie_Read-Portrait-300x420.webp 300w\" sizes=\"(max-width: 1028px) 100vw, 1028px\" \/><\/figure><div class=\"elementor-image-box-content\"><h4 class=\"elementor-image-box-title\">Rosie Read, Director Legal<\/h4><p class=\"elementor-image-box-description\">Rosie Read es la fundadora de Wyoming Immigrant Advocacy Project. Es abogada de inmigraci\u00f3n biling\u00fce con m\u00e1s de quince a\u00f1os de experiencia y una l\u00edder comunitaria consolidada en cuestiones de inmigraci\u00f3n en la regi\u00f3n de Teton y m\u00e1s all\u00e1.  <a href=\"https:\/\/wiapprod.wpenginepowered.com\/?page_id=152&amp;preview_id=152&amp;preview_nonce=46c8333647&amp;preview=true\" target=\"_blank\" rel=\"noopener\">Leer M\u00e1s...<\/a><\/p><\/div><\/div>\t\t\t\t<\/div>\n\t\t\t\t<\/div>\n\t\t\t\t<\/div>\n\t\t\t\t\t<\/div>\n\t\t\t\t<\/div>\n\t\t\t\t\t<\/div>\n\t\t\t\t<\/div>\n\t\t\t\t<\/div>","protected":false},"excerpt":{"rendered":"<p>Our Team Rosie Read, Legal Director Rosie Read is the founder of Wyoming Immigrant Advocacy Project. She is a bilingual immigration attorney with more than fifteen years of experience and &hellip;<\/p>","protected":false},"author":1,"featured_media":0,"parent":0,"menu_order":28,"comment_status":"closed","ping_status":"closed","template":"elementor_header_footer","meta":{"give_campaign_id":0,"_genesis_block_theme_hide_title":false,"footnotes":""},"class_list":["post-117","page","type-page","status-publish","hentry","post","without-featured-image"],"campaignId":"","_links":{"self":[{"href":"https:\/\/wyomingiap.org\/es\/wp-json\/wp\/v2\/pages\/117","targetHints":{"allow":["GET"]}}],"collection":[{"href":"https:\/\/wyomingiap.org\/es\/wp-json\/wp\/v2\/pages"}],"about":[{"href":"https:\/\/wyomingiap.org\/es\/wp-json\/wp\/v2\/types\/page"}],"author":[{"embeddable":true,"href":"https:\/\/wyomingiap.org\/es\/wp-json\/wp\/v2\/users\/1"}],"replies":[{"embeddable":true,"href":"https:\/\/wyomingiap.org\/es\/wp-json\/wp\/v2\/comments?post=117"}],"version-history":[{"count":0,"href":"https:\/\/wyomingiap.org\/es\/wp-json\/wp\/v2\/pages\/117\/revisions"}],"wp:attachment":[{"href":"https:\/\/wyomingiap.org\/es\/wp-json\/wp\/v2\/media?parent=117"}],"curies":[{"name":"wp","href":"https:\/\/api.w.org\/{rel}","templated":true}]}}