{"id":152,"date":"2024-03-22T13:43:01","date_gmt":"2024-03-22T13:43:01","guid":{"rendered":"https:\/\/wiapprod.wpenginepowered.com\/?page_id=152"},"modified":"2025-04-01T11:12:58","modified_gmt":"2025-04-01T17:12:58","slug":"about-rosie-read","status":"publish","type":"page","link":"https:\/\/wyomingiap.org\/es\/about-rosie-read\/","title":{"rendered":"Acerca de Rosie Read"},"content":{"rendered":"<div data-elementor-type=\"wp-page\" data-elementor-id=\"152\" class=\"elementor elementor-152\" data-elementor-post-type=\"page\">\n\t\t\t\t<div data-particle_enable=\"false\" data-particle-mobile-disabled=\"false\" class=\"elementor-element elementor-element-e786776 e-flex e-con-boxed e-con e-parent\" data-id=\"e786776\" data-element_type=\"container\" data-e-type=\"container\">\n\t\t\t\t\t<div class=\"e-con-inner\">\n\t\t<div data-particle_enable=\"false\" data-particle-mobile-disabled=\"false\" class=\"elementor-element elementor-element-8910e30 e-con-full e-flex e-con e-child\" data-id=\"8910e30\" data-element_type=\"container\" data-e-type=\"container\">\n\t\t\t\t<div class=\"elementor-element elementor-element-1480936 elementor-widget elementor-widget-image\" data-id=\"1480936\" data-element_type=\"widget\" data-e-type=\"widget\" data-widget_type=\"image.default\">\n\t\t\t\t<div class=\"elementor-widget-container\">\n\t\t\t\t\t\t\t\t\t\t\t\t\t\t\t<img fetchpriority=\"high\" decoding=\"async\" width=\"731\" height=\"1024\" src=\"https:\/\/wyomingiap.org\/wp-content\/uploads\/2024\/03\/WIAP-Board_Member-Rosie_Read-Portrait-731x1024.webp\" class=\"attachment-large size-large wp-image-142\" alt=\"\" srcset=\"https:\/\/wyomingiap.org\/wp-content\/uploads\/2024\/03\/WIAP-Board_Member-Rosie_Read-Portrait-731x1024.webp 731w, https:\/\/wyomingiap.org\/wp-content\/uploads\/2024\/03\/WIAP-Board_Member-Rosie_Read-Portrait-214x300.webp 214w, https:\/\/wyomingiap.org\/wp-content\/uploads\/2024\/03\/WIAP-Board_Member-Rosie_Read-Portrait-768x1076.webp 768w, https:\/\/wyomingiap.org\/wp-content\/uploads\/2024\/03\/WIAP-Board_Member-Rosie_Read-Portrait-300x420.webp 300w, https:\/\/wyomingiap.org\/wp-content\/uploads\/2024\/03\/WIAP-Board_Member-Rosie_Read-Portrait.webp 1028w\" sizes=\"(max-width: 731px) 100vw, 731px\" \/>\t\t\t\t\t\t\t\t\t\t\t\t\t\t\t<\/div>\n\t\t\t\t<\/div>\n\t\t\t\t<\/div>\n\t\t<div data-particle_enable=\"false\" data-particle-mobile-disabled=\"false\" class=\"elementor-element elementor-element-a999798 e-con-full e-flex e-con e-child\" data-id=\"a999798\" data-element_type=\"container\" data-e-type=\"container\">\n\t\t\t\t<div class=\"elementor-element elementor-element-4663b0e elementor-widget elementor-widget-heading\" data-id=\"4663b0e\" data-element_type=\"widget\" data-e-type=\"widget\" data-widget_type=\"heading.default\">\n\t\t\t\t<div class=\"elementor-widget-container\">\n\t\t\t\t\t<h2 class=\"elementor-heading-title elementor-size-default\">Rosie Read<\/h2>\t\t\t\t<\/div>\n\t\t\t\t<\/div>\n\t\t\t\t<div class=\"elementor-element elementor-element-bc82a79 elementor-widget elementor-widget-heading\" data-id=\"bc82a79\" data-element_type=\"widget\" data-e-type=\"widget\" data-widget_type=\"heading.default\">\n\t\t\t\t<div class=\"elementor-widget-container\">\n\t\t\t\t\t<h2 class=\"elementor-heading-title elementor-size-default\">Director Jur\u00eddico y Fundador<\/h2>\t\t\t\t<\/div>\n\t\t\t\t<\/div>\n\t\t\t\t<div class=\"elementor-element elementor-element-2a1c4c0 elementor-widget elementor-widget-text-editor\" data-id=\"2a1c4c0\" data-element_type=\"widget\" data-e-type=\"widget\" data-widget_type=\"text-editor.default\">\n\t\t\t\t<div class=\"elementor-widget-container\">\n\t\t\t\t\t\t\t\t\t<p class=\"p1\">Rosie Read es la fundadora de Wyoming Immigrant Advocacy Project. Es abogada de inmigraci\u00f3n biling\u00fce con m\u00e1s de diecis\u00e9is a\u00f1os de experiencia y una l\u00edder comunitaria consolidada en cuestiones de inmigraci\u00f3n en la regi\u00f3n de Teton y m\u00e1s all\u00e1.\u00a0<\/p><p class=\"p1\">Antes de lanzar WIAP, Rosie trabaj\u00f3 como abogada de inmigraci\u00f3n en la ACLU de Wyoming, asumiendo la responsabilidad de crear un nuevo programa de derechos de los inmigrantes y ampliar los esfuerzos de la organizaci\u00f3n para salvaguardar los derechos de los inmigrantes en todo el estado. Antes de su mandato en la ACLU, Rosie fue directora del programa del \u00e1rea de Teton para Climb Wyoming, un programa estatal sin fines de lucro que equipa a madres solteras de bajos ingresos con habilidades laborales y facilita su colocaci\u00f3n profesional. En reconocimiento a su liderazgo dentro del programa Climb durante la pandemia de coronavirus, Rosie obtuvo una nominaci\u00f3n como Mujer influyente del Wyoming Business Report 2020.<\/p><p class=\"p1\">La mayor parte de la carrera de Rosie se ha dedicado a la pr\u00e1ctica privada de inmigraci\u00f3n en el condado de Teton, Wyoming. Como asociada en el \u00fanico bufete privado de abogados de inmigraci\u00f3n de Jackson durante casi diez a\u00f1os, proporcion\u00f3 representaci\u00f3n en una amplia gama de \u00e1reas de pr\u00e1ctica, incluyendo el ajuste de estatus basado en el empleo y la familia, la naturalizaci\u00f3n, la defensa de remoci\u00f3n, litigios en tribunales federales y diversas formas de ayuda humanitaria. En 2018, Rosie fue designada como proveedora de servicios legales en asuntos de visas U, VAWA y naturalizaci\u00f3n a trav\u00e9s del Programa de Asistencia Legal a Mexicanos a trav\u00e9s de Asistencia Legal Externa en los Estados Unidos (PALE) de M\u00e9xico.<\/p><p class=\"p1\">M\u00e1s all\u00e1 de su carrera jur\u00eddica, Rosie se ha comprometido con diversas causas. Ha trabajado como gestora de casos de servicios de crisis en Jackson (Wyoming), abogada pro bono para refugiados en Johannesburgo (Sud\u00e1frica) y voluntaria en organizaciones dedicadas a cuestiones que van desde la vivienda asequible a la radio comunitaria sin \u00e1nimo de lucro. Es licenciada en Filosof\u00eda por la Universidad de Purdue y doctora en Derecho por la Facultad de Derecho de la Universidad de Seattle.<\/p>\t\t\t\t\t\t\t\t<\/div>\n\t\t\t\t<\/div>\n\t\t\t\t<\/div>\n\t\t\t\t\t<\/div>\n\t\t\t\t<\/div>\n\t\t\t\t<\/div>","protected":false},"excerpt":{"rendered":"<p>Rosie Read Directora jur\u00eddica y fundadora Rosie Read es la fundadora de Wyoming Immigrant Advocacy Project. Es abogada de inmigraci\u00f3n biling\u00fce con m\u00e1s de diecis\u00e9is a\u00f1os de experiencia y ...<\/p>","protected":false},"author":1,"featured_media":0,"parent":0,"menu_order":17,"comment_status":"closed","ping_status":"closed","template":"elementor_header_footer","meta":{"give_campaign_id":0,"_genesis_block_theme_hide_title":false,"footnotes":""},"class_list":["post-152","page","type-page","status-publish","hentry","post","without-featured-image"],"campaignId":"","_links":{"self":[{"href":"https:\/\/wyomingiap.org\/es\/wp-json\/wp\/v2\/pages\/152","targetHints":{"allow":["GET"]}}],"collection":[{"href":"https:\/\/wyomingiap.org\/es\/wp-json\/wp\/v2\/pages"}],"about":[{"href":"https:\/\/wyomingiap.org\/es\/wp-json\/wp\/v2\/types\/page"}],"author":[{"embeddable":true,"href":"https:\/\/wyomingiap.org\/es\/wp-json\/wp\/v2\/users\/1"}],"replies":[{"embeddable":true,"href":"https:\/\/wyomingiap.org\/es\/wp-json\/wp\/v2\/comments?post=152"}],"version-history":[{"count":0,"href":"https:\/\/wyomingiap.org\/es\/wp-json\/wp\/v2\/pages\/152\/revisions"}],"wp:attachment":[{"href":"https:\/\/wyomingiap.org\/es\/wp-json\/wp\/v2\/media?parent=152"}],"curies":[{"name":"wp","href":"https:\/\/api.w.org\/{rel}","templated":true}]}}