{"id":604,"date":"2025-01-29T04:10:40","date_gmt":"2025-01-29T04:10:40","guid":{"rendered":"https:\/\/wyomingiap.org\/?page_id=604"},"modified":"2025-01-29T04:13:41","modified_gmt":"2025-01-29T04:13:41","slug":"about-mike-welch","status":"publish","type":"page","link":"https:\/\/wyomingiap.org\/es\/about-mike-welch\/","title":{"rendered":"Acerca de Mike Welch"},"content":{"rendered":"<div data-elementor-type=\"wp-page\" data-elementor-id=\"604\" class=\"elementor elementor-604\" data-elementor-post-type=\"page\">\n\t\t\t\t<div data-particle_enable=\"false\" data-particle-mobile-disabled=\"false\" class=\"elementor-element elementor-element-e786776 e-flex e-con-boxed e-con e-parent\" data-id=\"e786776\" data-element_type=\"container\" data-e-type=\"container\">\n\t\t\t\t\t<div class=\"e-con-inner\">\n\t\t<div data-particle_enable=\"false\" data-particle-mobile-disabled=\"false\" class=\"elementor-element elementor-element-8910e30 e-con-full e-flex e-con e-child\" data-id=\"8910e30\" data-element_type=\"container\" data-e-type=\"container\">\n\t\t\t\t<div class=\"elementor-element elementor-element-1480936 elementor-widget elementor-widget-image\" data-id=\"1480936\" data-element_type=\"widget\" data-e-type=\"widget\" data-widget_type=\"image.default\">\n\t\t\t\t<div class=\"elementor-widget-container\">\n\t\t\t\t\t\t\t\t\t\t\t\t\t\t\t<img fetchpriority=\"high\" decoding=\"async\" width=\"731\" height=\"1024\" src=\"https:\/\/wyomingiap.org\/wp-content\/uploads\/2025\/01\/Mike_Welch.jpg\" class=\"attachment-large size-large wp-image-603\" alt=\"\" srcset=\"https:\/\/wyomingiap.org\/wp-content\/uploads\/2025\/01\/Mike_Welch.jpg 731w, https:\/\/wyomingiap.org\/wp-content\/uploads\/2025\/01\/Mike_Welch-214x300.jpg 214w, https:\/\/wyomingiap.org\/wp-content\/uploads\/2025\/01\/Mike_Welch-9x12.jpg 9w, https:\/\/wyomingiap.org\/wp-content\/uploads\/2025\/01\/Mike_Welch-300x420.jpg 300w\" sizes=\"(max-width: 731px) 100vw, 731px\" \/>\t\t\t\t\t\t\t\t\t\t\t\t\t\t\t<\/div>\n\t\t\t\t<\/div>\n\t\t\t\t<\/div>\n\t\t<div data-particle_enable=\"false\" data-particle-mobile-disabled=\"false\" class=\"elementor-element elementor-element-a999798 e-con-full e-flex e-con e-child\" data-id=\"a999798\" data-element_type=\"container\" data-e-type=\"container\">\n\t\t\t\t<div class=\"elementor-element elementor-element-4663b0e elementor-widget elementor-widget-heading\" data-id=\"4663b0e\" data-element_type=\"widget\" data-e-type=\"widget\" data-widget_type=\"heading.default\">\n\t\t\t\t<div class=\"elementor-widget-container\">\n\t\t\t\t\t<h2 class=\"elementor-heading-title elementor-size-default\">Mike Welch<\/h2>\t\t\t\t<\/div>\n\t\t\t\t<\/div>\n\t\t\t\t<div class=\"elementor-element elementor-element-bc82a79 elementor-widget elementor-widget-heading\" data-id=\"bc82a79\" data-element_type=\"widget\" data-e-type=\"widget\" data-widget_type=\"heading.default\">\n\t\t\t\t<div class=\"elementor-widget-container\">\n\t\t\t\t\t<h2 class=\"elementor-heading-title elementor-size-default\">Miembro de la Junta<\/h2>\t\t\t\t<\/div>\n\t\t\t\t<\/div>\n\t\t\t\t<div class=\"elementor-element elementor-element-2a1c4c0 elementor-widget elementor-widget-text-editor\" data-id=\"2a1c4c0\" data-element_type=\"widget\" data-e-type=\"widget\" data-widget_type=\"text-editor.default\">\n\t\t\t\t<div class=\"elementor-widget-container\">\n\t\t\t\t\t\t\t\t\t<p>Mike lleg\u00f3 a Jackson en 1992 despu\u00e9s de pasar su juventud en el sur de California y estudiar ingl\u00e9s en Cal Poly San Luis Obispo. Con m\u00e1s de 30 a\u00f1os de experiencia trabajando para peque\u00f1as empresas locales, empleadores m\u00e1s grandes y organizaciones sin fines de lucro en Jackson, los \u00faltimos a\u00f1os de Mike lo han visto principalmente en funciones de consultor\u00eda y gesti\u00f3n de proyectos independientes.<\/p><p>De 2009 a 2014, Mike se desempe\u00f1\u00f3 como Director de Administraci\u00f3n y luego Director Ejecutivo en Friends of Pathways, donde promovi\u00f3 alternativas de recreaci\u00f3n y transporte sostenible en el condado de Teton. En los a\u00f1os posteriores, Mike se ha involucrado cada vez m\u00e1s en viviendas asequibles y otros servicios sociales, construcci\u00f3n de comunidades y cuestiones de planificaci\u00f3n a trav\u00e9s de su trabajo como empleado, l\u00edder de una organizaci\u00f3n sin fines de lucro y miembro de la junta directiva. Los aspectos m\u00e1s destacados incluyen el servicio como miembro del equipo de pol\u00edticas y la junta directiva de Shelter JH; director del equipo, miembro fundador de la junta directiva y entrenador de JH Youth Mountain Biking; y coordinador de log\u00edstica de la cl\u00ednica de vacunaci\u00f3n COVID-19 del Departamento de Salud del Condado de Teton. Tambi\u00e9n ha trabajado con la Iglesia Presbiteriana de JH en sus esfuerzos por construir un desarrollo de viviendas asequibles y para empleados. <br \/>Mike, un defensor por naturaleza, cree firmemente que fomentar la inclusi\u00f3n y el compromiso de una amplia gama de personas es fundamental para mantener Jackson Hole vibrante y saludable. La participaci\u00f3n de Mike en la pol\u00edtica local durante la \u00faltima d\u00e9cada y su trabajo en varias campa\u00f1as para cargos p\u00fablicos han consolidado su creencia en la importancia vital de la participaci\u00f3n y los aportes en el proceso pol\u00edtico de todos los residentes de una comunidad.<\/p><p>Mike comenz\u00f3 a colaborar con la fundadora del Wyoming Immigrant Advocacy Project, Rosie Read, hace varios a\u00f1os y fue una fuerza impulsora detr\u00e1s del \u00e9xito del lanzamiento de la organizaci\u00f3n en 2023.<\/p><p>En su tiempo libre, se puede encontrar a Mike en su bicicleta, esquiando o en alg\u00fan lugar al aire libre con su esposa, Diana, y sus hijos, Bode y Malcolm, disfrutando de este incre\u00edble lugar que tenemos la suerte de llamar hogar.<\/p>\t\t\t\t\t\t\t\t<\/div>\n\t\t\t\t<\/div>\n\t\t\t\t<\/div>\n\t\t\t\t\t<\/div>\n\t\t\t\t<\/div>\n\t\t\t\t<\/div>","protected":false},"excerpt":{"rendered":"<p>Mike Welch Miembro de la Junta Mike lleg\u00f3 a Jackson en 1992 tras pasar su juventud en el sur de California y estudiar ingl\u00e9s en Cal Poly San Luis Obispo. Con m\u00e1s de 30 ...<\/p>","protected":false},"author":3,"featured_media":0,"parent":0,"menu_order":17,"comment_status":"closed","ping_status":"closed","template":"elementor_header_footer","meta":{"give_campaign_id":0,"_genesis_block_theme_hide_title":false,"footnotes":""},"class_list":["post-604","page","type-page","status-publish","hentry","post","without-featured-image"],"campaignId":"","_links":{"self":[{"href":"https:\/\/wyomingiap.org\/es\/wp-json\/wp\/v2\/pages\/604","targetHints":{"allow":["GET"]}}],"collection":[{"href":"https:\/\/wyomingiap.org\/es\/wp-json\/wp\/v2\/pages"}],"about":[{"href":"https:\/\/wyomingiap.org\/es\/wp-json\/wp\/v2\/types\/page"}],"author":[{"embeddable":true,"href":"https:\/\/wyomingiap.org\/es\/wp-json\/wp\/v2\/users\/3"}],"replies":[{"embeddable":true,"href":"https:\/\/wyomingiap.org\/es\/wp-json\/wp\/v2\/comments?post=604"}],"version-history":[{"count":0,"href":"https:\/\/wyomingiap.org\/es\/wp-json\/wp\/v2\/pages\/604\/revisions"}],"wp:attachment":[{"href":"https:\/\/wyomingiap.org\/es\/wp-json\/wp\/v2\/media?parent=604"}],"curies":[{"name":"wp","href":"https:\/\/api.w.org\/{rel}","templated":true}]}}