{"id":663,"date":"2025-02-25T15:07:45","date_gmt":"2025-02-25T22:07:45","guid":{"rendered":"http:\/\/006113b523.nxcli.io\/?page_id=663"},"modified":"2025-05-19T16:45:36","modified_gmt":"2025-05-19T22:45:36","slug":"organization-news","status":"publish","type":"page","link":"https:\/\/wyomingiap.org\/es\/organization-news\/","title":{"rendered":"Noticias de la Organizaci\u00f3n"},"content":{"rendered":"<div data-elementor-type=\"wp-page\" data-elementor-id=\"663\" class=\"elementor elementor-663\" data-elementor-post-type=\"page\">\n\t\t\t\t<div data-particle_enable=\"false\" data-particle-mobile-disabled=\"false\" class=\"elementor-element elementor-element-3a9017ed e-flex e-con-boxed e-con e-parent\" data-id=\"3a9017ed\" data-element_type=\"container\" data-e-type=\"container\" data-settings=\"{&quot;background_background&quot;:&quot;classic&quot;}\">\n\t\t\t\t\t<div class=\"e-con-inner\">\n\t\t\t\t<div class=\"elementor-element elementor-element-278b47c2 elementor-widget elementor-widget-heading\" data-id=\"278b47c2\" data-element_type=\"widget\" data-e-type=\"widget\" data-widget_type=\"heading.default\">\n\t\t\t\t<div class=\"elementor-widget-container\">\n\t\t\t\t\t<h2 class=\"elementor-heading-title elementor-size-default\">Noticias de la Organizaci\u00f3n<\/h2>\t\t\t\t<\/div>\n\t\t\t\t<\/div>\n\t\t<div data-particle_enable=\"false\" data-particle-mobile-disabled=\"false\" class=\"elementor-element elementor-element-496172d e-con-full e-flex e-con e-child\" data-id=\"496172d\" data-element_type=\"container\" data-e-type=\"container\">\n\t\t\t\t<\/div>\n\t\t\t\t\t<\/div>\n\t\t\t\t<\/div>\n\t\t<div data-particle_enable=\"false\" data-particle-mobile-disabled=\"false\" class=\"elementor-element elementor-element-3047821 e-flex e-con-boxed e-con e-parent\" data-id=\"3047821\" data-element_type=\"container\" data-e-type=\"container\">\n\t\t\t\t\t<div class=\"e-con-inner\">\n\t\t\t\t<div class=\"elementor-element elementor-element-a2b74fa elementor-grid-eael-col-3 elementor-grid-tablet-eael-col-2 elementor-grid-mobile-eael-col-1 elementor-widget elementor-widget-eael-post-grid\" data-id=\"a2b74fa\" data-element_type=\"widget\" data-e-type=\"widget\" data-settings=\"{&quot;eael_post_grid_columns&quot;:&quot;eael-col-3&quot;,&quot;eael_post_grid_columns_tablet&quot;:&quot;eael-col-2&quot;,&quot;eael_post_grid_columns_mobile&quot;:&quot;eael-col-1&quot;}\" data-widget_type=\"eael-post-grid.default\">\n\t\t\t\t<div class=\"elementor-widget-container\">\n\t\t\t\t\t<div id=\"eael-post-grid-a2b74fa\" class=\"eael-post-grid-container\">\n            <div class=\"eael-post-grid eael-post-appender eael-post-appender-a2b74fa eael-post-grid-style-one\" data-layout-mode=\"grid\"><article class=\"eael-grid-post  eael-post-grid-column eael-pg-post-726 category-wiap-news\" data-id=\"726\">\n        <div class=\"eael-grid-post-holder\">\n            <div class=\"eael-grid-post-holder-inner\"><div class=\"eael-entry-media\"><div class=\"eael-entry-overlay fade-in\"><i class=\"fas fa-long-arrow-alt-right\" aria-hidden=\"true\"><\/i><a href=\"https:\/\/wyomingiap.org\/es\/immigrant-allies-gather-in-wake-of-trumps-plans\/\"><\/a><\/div><div class=\"eael-entry-thumbnail\">\n                <img fetchpriority=\"high\" decoding=\"async\" width=\"418\" height=\"500\" src=\"https:\/\/wyomingiap.org\/wp-content\/uploads\/2025\/03\/Rosie_JHNG.webp\" class=\"attachment-large size-large wp-image-728\" alt=\"\" srcset=\"https:\/\/wyomingiap.org\/wp-content\/uploads\/2025\/03\/Rosie_JHNG.webp 418w, https:\/\/wyomingiap.org\/wp-content\/uploads\/2025\/03\/Rosie_JHNG-251x300.webp 251w, https:\/\/wyomingiap.org\/wp-content\/uploads\/2025\/03\/Rosie_JHNG-10x12.webp 10w, https:\/\/wyomingiap.org\/wp-content\/uploads\/2025\/03\/Rosie_JHNG-300x359.webp 300w\" sizes=\"(max-width: 418px) 100vw, 418px\" \/>\n            <\/div>\n        <\/div><div class=\"eael-entry-wrapper\"><header class=\"eael-entry-header\"><h2 class=\"eael-entry-title\"><a class=\"eael-grid-post-link\" href=\"https:\/\/wyomingiap.org\/es\/immigrant-allies-gather-in-wake-of-trumps-plans\/\" title=\"Los aliados de los inmigrantes se re\u00fanen tras los planes de Trump\">Los aliados de los inmigrantes se re\u00fanen tras los planes de Trump<\/a><\/h2><\/header><div class=\"eael-entry-content\">\n                        <div class=\"eael-grid-post-excerpt\"><p>Los planes de inmigraci\u00f3n de Trump, respaldados por pol\u00edticos de Wyo...<\/p><a href=\"https:\/\/wyomingiap.org\/es\/immigrant-allies-gather-in-wake-of-trumps-plans\/\" class=\"eael-post-elements-readmore-btn\">Leer m\u00e1s<\/a><\/div>\n                    <\/div><div class=\"eael-entry-footer\"><div class=\"eael-entry-meta\"><span class=\"eael-posted-on\"><time datetime=\"noviembre 27, 2024\">27 de noviembre de 2024<\/time><\/span><\/div><\/div><\/div><\/div>\n        <\/div>\n    <\/article><article class=\"eael-grid-post  eael-post-grid-column eael-pg-post-729 category-wiap-news\" data-id=\"729\">\n        <div class=\"eael-grid-post-holder\">\n            <div class=\"eael-grid-post-holder-inner\"><div class=\"eael-entry-media\"><div class=\"eael-entry-overlay fade-in\"><i class=\"fas fa-long-arrow-alt-right\" aria-hidden=\"true\"><\/i><a href=\"https:\/\/wyomingiap.org\/es\/this-wyoming-lawyer-is-creating-a-legal-safety-net-for-asylum-seekers\/\"><\/a><\/div><div class=\"eael-entry-thumbnail\">\n                <img decoding=\"async\" width=\"896\" height=\"888\" src=\"https:\/\/wyomingiap.org\/wp-content\/uploads\/2024\/11\/70-million-investigates.png\" class=\"attachment-large size-large wp-image-746\" alt=\"\" srcset=\"https:\/\/wyomingiap.org\/wp-content\/uploads\/2024\/11\/70-million-investigates.png 896w, https:\/\/wyomingiap.org\/wp-content\/uploads\/2024\/11\/70-million-investigates-300x297.png 300w, https:\/\/wyomingiap.org\/wp-content\/uploads\/2024\/11\/70-million-investigates-150x150.png 150w, https:\/\/wyomingiap.org\/wp-content\/uploads\/2024\/11\/70-million-investigates-768x761.png 768w, https:\/\/wyomingiap.org\/wp-content\/uploads\/2024\/11\/70-million-investigates-12x12.png 12w\" sizes=\"(max-width: 896px) 100vw, 896px\" \/>\n            <\/div>\n        <\/div><div class=\"eael-entry-wrapper\"><header class=\"eael-entry-header\"><h2 class=\"eael-entry-title\"><a class=\"eael-grid-post-link\" href=\"https:\/\/wyomingiap.org\/es\/this-wyoming-lawyer-is-creating-a-legal-safety-net-for-asylum-seekers\/\" title=\"El podcast 70 millones, nominado al premio Peabody, destaca la WIAP\">El podcast 70 millones, nominado al premio Peabody, destaca la WIAP<\/a><\/h2><\/header><div class=\"eael-entry-content\">\n                        <div class=\"eael-grid-post-excerpt\"><p>Este abogado de Wyoming est\u00e1 creando una red de seguridad...<\/p><a href=\"https:\/\/wyomingiap.org\/es\/this-wyoming-lawyer-is-creating-a-legal-safety-net-for-asylum-seekers\/\" class=\"eael-post-elements-readmore-btn\">Leer m\u00e1s<\/a><\/div>\n                    <\/div><div class=\"eael-entry-footer\"><div class=\"eael-entry-meta\"><span class=\"eael-posted-on\"><time datetime=\"noviembre 4, 2024\">4 de noviembre de 2024<\/time><\/span><\/div><\/div><\/div><\/div>\n        <\/div>\n    <\/article><article class=\"eael-grid-post  eael-post-grid-column eael-pg-post-733 category-wiap-news\" data-id=\"733\">\n        <div class=\"eael-grid-post-holder\">\n            <div class=\"eael-grid-post-holder-inner\"><div class=\"eael-entry-media\"><div class=\"eael-entry-overlay fade-in\"><i class=\"fas fa-long-arrow-alt-right\" aria-hidden=\"true\"><\/i><a href=\"https:\/\/wyomingiap.org\/es\/legal-clinic-focuses-on-immigrants\/\"><\/a><\/div><div class=\"eael-entry-thumbnail\">\n                <img decoding=\"async\" width=\"1024\" height=\"712\" src=\"https:\/\/wyomingiap.org\/wp-content\/uploads\/2025\/03\/Rosie-Read-founder-of-the-Wyoming-Immigrant-Advocacy-Project-1024x712.jpg\" class=\"attachment-large size-large wp-image-734\" alt=\"\" srcset=\"https:\/\/wyomingiap.org\/wp-content\/uploads\/2025\/03\/Rosie-Read-founder-of-the-Wyoming-Immigrant-Advocacy-Project-1024x712.jpg 1024w, https:\/\/wyomingiap.org\/wp-content\/uploads\/2025\/03\/Rosie-Read-founder-of-the-Wyoming-Immigrant-Advocacy-Project-300x209.jpg 300w, https:\/\/wyomingiap.org\/wp-content\/uploads\/2025\/03\/Rosie-Read-founder-of-the-Wyoming-Immigrant-Advocacy-Project-768x534.jpg 768w, https:\/\/wyomingiap.org\/wp-content\/uploads\/2025\/03\/Rosie-Read-founder-of-the-Wyoming-Immigrant-Advocacy-Project-18x12.jpg 18w, https:\/\/wyomingiap.org\/wp-content\/uploads\/2025\/03\/Rosie-Read-founder-of-the-Wyoming-Immigrant-Advocacy-Project-1200x834.jpg 1200w, https:\/\/wyomingiap.org\/wp-content\/uploads\/2025\/03\/Rosie-Read-founder-of-the-Wyoming-Immigrant-Advocacy-Project-1400x973.jpg 1400w, https:\/\/wyomingiap.org\/wp-content\/uploads\/2025\/03\/Rosie-Read-founder-of-the-Wyoming-Immigrant-Advocacy-Project.jpg 1476w\" sizes=\"(max-width: 1024px) 100vw, 1024px\" \/>\n            <\/div>\n        <\/div><div class=\"eael-entry-wrapper\"><header class=\"eael-entry-header\"><h2 class=\"eael-entry-title\"><a class=\"eael-grid-post-link\" href=\"https:\/\/wyomingiap.org\/es\/legal-clinic-focuses-on-immigrants\/\" title=\"La cl\u00ednica jur\u00eddica se centra en los inmigrantes\">La cl\u00ednica jur\u00eddica se centra en los inmigrantes<\/a><\/h2><\/header><div class=\"eael-entry-content\">\n                        <div class=\"eael-grid-post-excerpt\"><p>Advocacy Project ofrece asesoramiento gratuito o a bajo coste, ojos al impacto en todo el estado....<\/p><a href=\"https:\/\/wyomingiap.org\/es\/legal-clinic-focuses-on-immigrants\/\" class=\"eael-post-elements-readmore-btn\">Leer m\u00e1s<\/a><\/div>\n                    <\/div><div class=\"eael-entry-footer\"><div class=\"eael-entry-meta\"><span class=\"eael-posted-on\"><time datetime=\"agosto 14, 2024\">14 de agosto de 2024<\/time><\/span><\/div><\/div><\/div><\/div>\n        <\/div>\n    <\/article><article class=\"eael-grid-post  eael-post-grid-column eael-pg-post-53 category-blog-wiap-news\" data-id=\"53\">\n        <div class=\"eael-grid-post-holder\">\n            <div class=\"eael-grid-post-holder-inner\"><div class=\"eael-entry-media\"><div class=\"eael-entry-overlay fade-in\"><i class=\"fas fa-long-arrow-alt-right\" aria-hidden=\"true\"><\/i><a href=\"https:\/\/wyomingiap.org\/es\/wiap-featured-on-khol\/\"><\/a><\/div><div class=\"eael-entry-thumbnail\">\n                <img loading=\"lazy\" decoding=\"async\" width=\"1024\" height=\"576\" src=\"https:\/\/wyomingiap.org\/wp-content\/uploads\/2024\/03\/Cristy-Liaw-Gabel-Son-Husband-Victor-Idaho-Wyoming-Immigrants-KHOL-1-1024x576.webp\" class=\"attachment-large size-large wp-image-315\" alt=\"\" srcset=\"https:\/\/wyomingiap.org\/wp-content\/uploads\/2024\/03\/Cristy-Liaw-Gabel-Son-Husband-Victor-Idaho-Wyoming-Immigrants-KHOL-1-1024x576.webp 1024w, https:\/\/wyomingiap.org\/wp-content\/uploads\/2024\/03\/Cristy-Liaw-Gabel-Son-Husband-Victor-Idaho-Wyoming-Immigrants-KHOL-1-300x169.webp 300w, https:\/\/wyomingiap.org\/wp-content\/uploads\/2024\/03\/Cristy-Liaw-Gabel-Son-Husband-Victor-Idaho-Wyoming-Immigrants-KHOL-1-768x432.webp 768w, https:\/\/wyomingiap.org\/wp-content\/uploads\/2024\/03\/Cristy-Liaw-Gabel-Son-Husband-Victor-Idaho-Wyoming-Immigrants-KHOL-1-1536x864.webp 1536w, https:\/\/wyomingiap.org\/wp-content\/uploads\/2024\/03\/Cristy-Liaw-Gabel-Son-Husband-Victor-Idaho-Wyoming-Immigrants-KHOL-1-1200x675.webp 1200w, https:\/\/wyomingiap.org\/wp-content\/uploads\/2024\/03\/Cristy-Liaw-Gabel-Son-Husband-Victor-Idaho-Wyoming-Immigrants-KHOL-1-1400x788.webp 1400w, https:\/\/wyomingiap.org\/wp-content\/uploads\/2024\/03\/Cristy-Liaw-Gabel-Son-Husband-Victor-Idaho-Wyoming-Immigrants-KHOL-1.webp 2048w\" sizes=\"(max-width: 1024px) 100vw, 1024px\" \/>\n            <\/div>\n        <\/div><div class=\"eael-entry-wrapper\"><header class=\"eael-entry-header\"><h2 class=\"eael-entry-title\"><a class=\"eael-grid-post-link\" href=\"https:\/\/wyomingiap.org\/es\/wiap-featured-on-khol\/\" title=\"WIAP Destacado en KHOL\">WIAP Destacado en KHOL<\/a><\/h2><\/header><div class=\"eael-entry-content\">\n                        <div class=\"eael-grid-post-excerpt\"><p>Una nueva organizaci\u00f3n sin \u00e1nimo de lucro, el Proyecto de Defensa del Inmigrante de Wyoming, ofrecer\u00e1...<\/p><a href=\"https:\/\/wyomingiap.org\/es\/wiap-featured-on-khol\/\" class=\"eael-post-elements-readmore-btn\">Leer m\u00e1s<\/a><\/div>\n                    <\/div><div class=\"eael-entry-footer\"><div class=\"eael-entry-meta\"><span class=\"eael-posted-on\"><time datetime=\"septiembre 24, 2023\">24 de septiembre de 2023<\/time><\/span><\/div><\/div><\/div><\/div>\n        <\/div>\n    <\/article><article class=\"eael-grid-post  eael-post-grid-column eael-pg-post-55 category-blog-wiap-news\" data-id=\"55\">\n        <div class=\"eael-grid-post-holder\">\n            <div class=\"eael-grid-post-holder-inner\"><div class=\"eael-entry-media\"><div class=\"eael-entry-overlay fade-in\"><i class=\"fas fa-long-arrow-alt-right\" aria-hidden=\"true\"><\/i><a href=\"https:\/\/wyomingiap.org\/es\/old-bills-2023\/\"><\/a><\/div><div class=\"eael-entry-thumbnail\">\n                <img loading=\"lazy\" decoding=\"async\" width=\"1024\" height=\"972\" src=\"https:\/\/wyomingiap.org\/wp-content\/uploads\/2024\/03\/wiap-booth-old-bills-fun-run-2023-1024x972.webp\" class=\"attachment-large size-large wp-image-314\" alt=\"\" srcset=\"https:\/\/wyomingiap.org\/wp-content\/uploads\/2024\/03\/wiap-booth-old-bills-fun-run-2023-1024x972.webp 1024w, https:\/\/wyomingiap.org\/wp-content\/uploads\/2024\/03\/wiap-booth-old-bills-fun-run-2023-300x285.webp 300w, https:\/\/wyomingiap.org\/wp-content\/uploads\/2024\/03\/wiap-booth-old-bills-fun-run-2023-768x729.webp 768w, https:\/\/wyomingiap.org\/wp-content\/uploads\/2024\/03\/wiap-booth-old-bills-fun-run-2023-1536x1458.webp 1536w, https:\/\/wyomingiap.org\/wp-content\/uploads\/2024\/03\/wiap-booth-old-bills-fun-run-2023-2048x1943.webp 2048w, https:\/\/wyomingiap.org\/wp-content\/uploads\/2024\/03\/wiap-booth-old-bills-fun-run-2023-1200x1139.webp 1200w, https:\/\/wyomingiap.org\/wp-content\/uploads\/2024\/03\/wiap-booth-old-bills-fun-run-2023-1400x1328.webp 1400w\" sizes=\"(max-width: 1024px) 100vw, 1024px\" \/>\n            <\/div>\n        <\/div><div class=\"eael-entry-wrapper\"><header class=\"eael-entry-header\"><h2 class=\"eael-entry-title\"><a class=\"eael-grid-post-link\" href=\"https:\/\/wyomingiap.org\/es\/old-bills-2023\/\" title=\"Carrera Popular 2023\">Carrera Popular 2023<\/a><\/h2><\/header><div class=\"eael-entry-content\">\n                        <div class=\"eael-grid-post-excerpt\"><p>\u00a1Gracias por un comienzo incre\u00edble!<\/p><a href=\"https:\/\/wyomingiap.org\/es\/old-bills-2023\/\" class=\"eael-post-elements-readmore-btn\">Leer m\u00e1s<\/a><\/div>\n                    <\/div><div class=\"eael-entry-footer\"><div class=\"eael-entry-meta\"><span class=\"eael-posted-on\"><time datetime=\"septiembre 16, 2023\">16 de septiembre de 2023<\/time><\/span><\/div><\/div><\/div><\/div>\n        <\/div>\n    <\/article><\/div>\n            <div class=\"clearfix\"><\/div>\n        <\/div>\t\t\t\t<\/div>\n\t\t\t\t<\/div>\n\t\t\t\t\t<\/div>\n\t\t\t\t<\/div>\n\t\t\t\t<\/div>","protected":false},"excerpt":{"rendered":"<p>Organizaci\u00f3n Noticias Los aliados de los inmigrantes se re\u00fanen tras los planes de Trump Los planes de inmigraci\u00f3n de Trump, respaldados por pol\u00edticos de... Read More 27 de noviembre de 2024 Podcast nominado por Peabody, 70 millones, destaca ...<\/p>","protected":false},"author":32,"featured_media":0,"parent":0,"menu_order":21,"comment_status":"closed","ping_status":"closed","template":"","meta":{"give_campaign_id":0,"_genesis_block_theme_hide_title":false,"footnotes":""},"class_list":["post-663","page","type-page","status-publish","hentry","post","with-featured-image"],"campaignId":"","_links":{"self":[{"href":"https:\/\/wyomingiap.org\/es\/wp-json\/wp\/v2\/pages\/663","targetHints":{"allow":["GET"]}}],"collection":[{"href":"https:\/\/wyomingiap.org\/es\/wp-json\/wp\/v2\/pages"}],"about":[{"href":"https:\/\/wyomingiap.org\/es\/wp-json\/wp\/v2\/types\/page"}],"author":[{"embeddable":true,"href":"https:\/\/wyomingiap.org\/es\/wp-json\/wp\/v2\/users\/32"}],"replies":[{"embeddable":true,"href":"https:\/\/wyomingiap.org\/es\/wp-json\/wp\/v2\/comments?post=663"}],"version-history":[{"count":0,"href":"https:\/\/wyomingiap.org\/es\/wp-json\/wp\/v2\/pages\/663\/revisions"}],"wp:attachment":[{"href":"https:\/\/wyomingiap.org\/es\/wp-json\/wp\/v2\/media?parent=663"}],"curies":[{"name":"wp","href":"https:\/\/api.w.org\/{rel}","templated":true}]}}