{"id":756,"date":"2025-04-16T09:09:58","date_gmt":"2025-04-16T15:09:58","guid":{"rendered":"http:\/\/006113b523.nxcli.io\/?page_id=756"},"modified":"2025-04-17T15:05:02","modified_gmt":"2025-04-17T21:05:02","slug":"privacy-policy","status":"publish","type":"page","link":"https:\/\/wyomingiap.org\/es\/privacy-policy\/","title":{"rendered":"Pol\u00edtica de privacidad"},"content":{"rendered":"<div data-elementor-type=\"wp-page\" data-elementor-id=\"756\" class=\"elementor elementor-756\" data-elementor-post-type=\"page\">\n\t\t\t\t<div data-particle_enable=\"false\" data-particle-mobile-disabled=\"false\" class=\"elementor-element elementor-element-346a8d9 e-flex e-con-boxed e-con e-parent\" data-id=\"346a8d9\" data-element_type=\"container\" data-e-type=\"container\">\n\t\t\t\t\t<div class=\"e-con-inner\">\n\t\t\t\t<div class=\"elementor-element elementor-element-d4c2200 elementor-widget elementor-widget-heading\" data-id=\"d4c2200\" data-element_type=\"widget\" data-e-type=\"widget\" data-widget_type=\"heading.default\">\n\t\t\t\t<div class=\"elementor-widget-container\">\n\t\t\t\t\t<h2 class=\"elementor-heading-title elementor-size-default\">Condiciones generales<\/h2>\t\t\t\t<\/div>\n\t\t\t\t<\/div>\n\t\t\t\t<div class=\"elementor-element elementor-element-a240b04 elementor-widget elementor-widget-text-editor\" data-id=\"a240b04\" data-element_type=\"widget\" data-e-type=\"widget\" data-widget_type=\"text-editor.default\">\n\t\t\t\t<div class=\"elementor-widget-container\">\n\t\t\t\t\t\t\t\t\t<p>Al suscribirse a los mensajes del Wyoming Immigrant Advocacy Project, acepta recibir mensajes de conversaci\u00f3n, actualizaciones de estado, recordatorios de citas y confirmaciones de pedidos\/env\u00edos. La frecuencia de los mensajes puede variar, con una media de 1-5 mensajes por semana.<\/p><p><strong>Velocidades de mensajes y datos:<\/strong>\u00a0Tenga en cuenta que pueden aplicarse tarifas de mensajes y datos. Su operador de telefon\u00eda m\u00f3vil puede aplicarle cargos en funci\u00f3n de su plan actual.<\/p><p><strong>Instrucciones de exclusi\u00f3n voluntaria:<\/strong> Responda STOP en cualquier momento para darse de baja.<\/p><p><strong>Instrucciones de apoyo: <\/strong>: Responda a AYUDA para obtener ayuda o p\u00f3ngase en contacto con nosotros en el +1 307-225-9404 o env\u00edenos un correo electr\u00f3nico a info@wyomingiap.org.<\/p><p>Para m\u00e1s informaci\u00f3n, consulte nuestra pol\u00edtica de privacidad en: http:\/\/wyomingiap.org\/privacy-policy\/<\/p>\t\t\t\t\t\t\t\t<\/div>\n\t\t\t\t<\/div>\n\t\t\t\t\t<\/div>\n\t\t\t\t<\/div>\n\t\t<div data-particle_enable=\"false\" data-particle-mobile-disabled=\"false\" class=\"elementor-element elementor-element-13150dc e-flex e-con-boxed e-con e-parent\" data-id=\"13150dc\" data-element_type=\"container\" data-e-type=\"container\">\n\t\t\t\t\t<div class=\"e-con-inner\">\n\t\t\t\t<div class=\"elementor-element elementor-element-2aa5dde elementor-widget elementor-widget-heading\" data-id=\"2aa5dde\" data-element_type=\"widget\" data-e-type=\"widget\" data-widget_type=\"heading.default\">\n\t\t\t\t<div class=\"elementor-widget-container\">\n\t\t\t\t\t<h2 class=\"elementor-heading-title elementor-size-default\">Pol\u00edtica de privacidad<\/h2>\t\t\t\t<\/div>\n\t\t\t\t<\/div>\n\t\t\t\t<div class=\"elementor-element elementor-element-d80793c elementor-widget elementor-widget-text-editor\" data-id=\"d80793c\" data-element_type=\"widget\" data-e-type=\"widget\" data-widget_type=\"text-editor.default\">\n\t\t\t\t<div class=\"elementor-widget-container\">\n\t\t\t\t\t\t\t\t\t<p>No se compartir\u00e1 ni recopilar\u00e1 informaci\u00f3n sobre m\u00f3viles con terceros o filiales. El intercambio de datos se limita a los fines necesarios para la prestaci\u00f3n de nuestros servicios y no se utilizar\u00e1 para ning\u00fan otro fin. Nos comprometemos a proteger su privacidad. Sus datos no ser\u00e1n transferidos a organizaciones externas bajo ninguna circunstancia. Garantizamos la confidencialidad y seguridad de su informaci\u00f3n personal. Si tiene alguna pregunta o duda sobre nuestras pr\u00e1cticas de privacidad, p\u00f3ngase en contacto con nosotros directamente. Aplicamos medidas de seguridad para proteger su informaci\u00f3n personal contra el acceso y el intercambio no autorizados, garantizando que sus datos s\u00f3lo sean accesibles al personal autorizado para fines comerciales leg\u00edtimos. Tiene derecho a dejar de recibir mensajes SMS en cualquier momento. Para ello, responda \"STOP\" a cualquier mensaje que reciba de nosotros. Si tiene alguna pregunta o consulta relacionada con nuestro servicio de SMS, no dude en ponerse en contacto con nosotros por correo electr\u00f3nico en info@wyomingiap.org o por tel\u00e9fono en el (307) 225-9404. Nos comprometemos a resolver sus dudas con rapidez y eficacia. Sus datos no ser\u00e1n transferidos a organizaciones externas.<\/p>\t\t\t\t\t\t\t\t<\/div>\n\t\t\t\t<\/div>\n\t\t\t\t\t<\/div>\n\t\t\t\t<\/div>\n\t\t\t\t<\/div>","protected":false},"excerpt":{"rendered":"<p>Terms &amp; Conditions By subscribing to messages from Wyoming Immigrant Advocacy Project, you agree to receive conversational messages, status updates, appointment reminders, and order\/shipping confirmations. Message frequency may vary, with &hellip;<\/p>","protected":false},"author":32,"featured_media":0,"parent":0,"menu_order":0,"comment_status":"closed","ping_status":"closed","template":"","meta":{"give_campaign_id":0,"_genesis_block_theme_hide_title":false,"footnotes":""},"class_list":["post-756","page","type-page","status-publish","hentry","post","without-featured-image"],"campaignId":"","_links":{"self":[{"href":"https:\/\/wyomingiap.org\/es\/wp-json\/wp\/v2\/pages\/756","targetHints":{"allow":["GET"]}}],"collection":[{"href":"https:\/\/wyomingiap.org\/es\/wp-json\/wp\/v2\/pages"}],"about":[{"href":"https:\/\/wyomingiap.org\/es\/wp-json\/wp\/v2\/types\/page"}],"author":[{"embeddable":true,"href":"https:\/\/wyomingiap.org\/es\/wp-json\/wp\/v2\/users\/32"}],"replies":[{"embeddable":true,"href":"https:\/\/wyomingiap.org\/es\/wp-json\/wp\/v2\/comments?post=756"}],"version-history":[{"count":0,"href":"https:\/\/wyomingiap.org\/es\/wp-json\/wp\/v2\/pages\/756\/revisions"}],"wp:attachment":[{"href":"https:\/\/wyomingiap.org\/es\/wp-json\/wp\/v2\/media?parent=756"}],"curies":[{"name":"wp","href":"https:\/\/api.w.org\/{rel}","templated":true}]}}